{"id":9092,"date":"2020-05-21T12:55:58","date_gmt":"2020-05-21T12:55:58","guid":{"rendered":"https:\/\/cani.com.co\/php\/?page_id=9092"},"modified":"2022-05-03T01:40:55","modified_gmt":"2022-05-03T01:40:55","slug":"medidas-sanitarias-y-protocolos-covid-19","status":"publish","type":"page","link":"https:\/\/cani.com.co\/php\/medidas-sanitarias-y-protocolos-covid-19\/","title":{"rendered":"Medidas sanitarias y protocolos COVID 19"},"content":{"rendered":"<p>[column parallax_bg=&#8221;disabled&#8221; parallax_bg_inertia=&#8221;-0.2&#8243; extended=&#8221;false&#8221; extended_padding=&#8221;true&#8221; background_color=&#8221;&#8221; background_image=&#8221;&#8221; background_repeat=&#8221;no-repeat&#8221; background_position=&#8221;center bottom&#8221; background_size=&#8221;auto&#8221; background_attachment=&#8221;scroll&#8221; hide_bg_lowres=&#8221;true&#8221; background_video=&#8221;&#8221; vertical_padding_top=&#8221;30&#8243; vertical_padding_bottom=&#8221;10&#8243; more_link=&#8221;&#8221; more_text=&#8221;&#8221; left_border=&#8221;transparent&#8221; class=&#8221;&#8221; id=&#8221;&#8221; title=&#8221;&#8221; title_type=&#8221;single&#8221; animation=&#8221;none&#8221; width=&#8221;1\/1&#8243; last=&#8221;true&#8221;]<\/p>\n<p>[column_1 parallax_bg=&#8221;disabled&#8221; parallax_bg_inertia=&#8221;-0.2&#8243; extended=&#8221;&#8221; extended_padding=&#8221;1&#8243; background_color=&#8221;&#8221; background_image=&#8221;&#8221; background_repeat=&#8221;&#8221; background_position=&#8221;&#8221; background_size=&#8221;auto&#8221; background_attachment=&#8221;&#8221; hide_bg_lowres=&#8221;&#8221; background_video=&#8221;&#8221; vertical_padding_top=&#8221;0&#8243; vertical_padding_bottom=&#8221;0&#8243; more_link=&#8221;&#8221; more_text=&#8221;&#8221; left_border=&#8221;transparent&#8221; class=&#8221;&#8221; id=&#8221;&#8221; title=&#8221;&#8221; title_type=&#8221;single&#8221; animation=&#8221;from-left&#8221; width=&#8221;1\/1&#8243; last=&#8221;true&#8221;]<\/p>\n<p>[\/column_1]<\/p>\n<p>[\/column]<\/p>\n<p>[text_divider type=&#8221;single&#8221;]<\/p>\n<p>Evidencias<\/p>\n<p>[\/text_divider]<\/p>\n<p>[column parallax_bg=&#8221;fixed&#8221; parallax_bg_inertia=&#8221;-0.2&#8243; extended=&#8221;false&#8221; extended_padding=&#8221;true&#8221; background_color=&#8221;#f9f9f9&#8243; background_image=&#8221;&#8221; background_repeat=&#8221;no-repeat&#8221; background_position=&#8221;center bottom&#8221; background_size=&#8221;auto&#8221; background_attachment=&#8221;scroll&#8221; hide_bg_lowres=&#8221;true&#8221; background_video=&#8221;&#8221; vertical_padding_top=&#8221;30&#8243; vertical_padding_bottom=&#8221;10&#8243; more_link=&#8221;&#8221; more_text=&#8221;&#8221; left_border=&#8221;transparent&#8221; class=&#8221;&#8221; id=&#8221;&#8221; title=&#8221;&#8221; title_type=&#8221;single&#8221; animation=&#8221;none&#8221; width=&#8221;1\/1&#8243; last=&#8221;true&#8221;]<\/p>\n<p>[column_1 width=&#8221;1\/4&#8243; title=&#8221;&#8221; title_type=&#8221;single&#8221; animation=&#8221;from-left&#8221; implicit=&#8221;true&#8221;]<\/p>\n<p style=\"text-align: center;\"><img loading=\"lazy\" decoding=\"async\" class=\"wp-image-9101 aligncenter\" src=\"https:\/\/cani.com.co\/php\/wp-content\/uploads\/2020\/05\/pdf-icon.jpg\" alt=\"\" width=\"25\" height=\"32\"><a href=\"https:\/\/cani.com.co\/php\/wp-content\/uploads\/2020\/05\/CARACTERIZACION-PERSONAL0161.pdf\" target=\"_blank\" rel=\"noopener noreferrer\">CARACTERIZACI\u00d3N PERSONAL<\/a><\/p>\n<p>[\/column_1]<\/p>\n<p>[column_1 width=&#8221;1\/4&#8243; title=&#8221;&#8221; title_type=&#8221;single&#8221; animation=&#8221;from-left&#8221; implicit=&#8221;true&#8221;]<\/p>\n<p style=\"text-align: center;\"><img loading=\"lazy\" decoding=\"async\" class=\"wp-image-9101 aligncenter\" src=\"https:\/\/cani.com.co\/php\/wp-content\/uploads\/2020\/05\/pdf-icon.jpg\" alt=\"\" width=\"25\" height=\"32\"><a href=\"https:\/\/cani.com.co\/php\/wp-content\/uploads\/2020\/05\/COMPRAS-Y-FICHA-TECNICA-DE-PRODUCTO.pdf\" target=\"_blank\" rel=\"noopener noreferrer\">COMPRAS Y FICHA T\u00c9CNICA DE PRODUCTOS<\/a><\/p>\n<p>[\/column_1]<\/p>\n<p>[column_1 width=&#8221;1\/4&#8243; title=&#8221;&#8221; title_type=&#8221;single&#8221; animation=&#8221;from-left&#8221; implicit=&#8221;true&#8221;]<\/p>\n<p style=\"text-align: center;\"><img loading=\"lazy\" decoding=\"async\" class=\"wp-image-9101 aligncenter\" src=\"https:\/\/cani.com.co\/php\/wp-content\/uploads\/2020\/05\/pdf-icon.jpg\" alt=\"\" width=\"25\" height=\"32\"><a href=\"https:\/\/cani.com.co\/php\/wp-content\/uploads\/2020\/05\/ENTREGA-EPP-Y-CONTROL-SEGUIMIENTO-PERSONAL-CAN.pdf\" target=\"_blank\" rel=\"noopener noreferrer\">ENTREGA EPP Y CONTROL SEGUIMIENTO PERSONAL CANI<\/a><\/p>\n<p>[\/column_1]<\/p>\n<p>[column_1 width=&#8221;1\/4&#8243; last=&#8221;true&#8221; title=&#8221;&#8221; title_type=&#8221;single&#8221; animation=&#8221;from-left&#8221; implicit=&#8221;true&#8221;]<\/p>\n<p style=\"text-align: center;\"><img loading=\"lazy\" decoding=\"async\" class=\"wp-image-9101 aligncenter\" src=\"https:\/\/cani.com.co\/php\/wp-content\/uploads\/2020\/05\/pdf-icon.jpg\" alt=\"\" width=\"25\" height=\"32\"><a href=\"https:\/\/cani.com.co\/php\/wp-content\/uploads\/2020\/05\/Guia-Correcto-Lavado-de-Manos.pdf\" target=\"_blank\" rel=\"noopener noreferrer\">GU\u00cdA CORRECTO LAVADO DE MANOS<\/a><\/p>\n<p>[\/column_1]<\/p>\n<p>[\/column]<\/p>\n<p>[column parallax_bg=&#8221;fixed&#8221; parallax_bg_inertia=&#8221;-0.2&#8243; extended=&#8221;false&#8221; extended_padding=&#8221;true&#8221; background_color=&#8221;#f9f9f9&#8243; background_image=&#8221;&#8221; background_repeat=&#8221;no-repeat&#8221; background_position=&#8221;center bottom&#8221; background_size=&#8221;auto&#8221; background_attachment=&#8221;scroll&#8221; hide_bg_lowres=&#8221;true&#8221; background_video=&#8221;&#8221; vertical_padding_top=&#8221;30&#8243; vertical_padding_bottom=&#8221;10&#8243; more_link=&#8221;&#8221; more_text=&#8221;&#8221; left_border=&#8221;transparent&#8221; class=&#8221;&#8221; id=&#8221;&#8221; title=&#8221;&#8221; title_type=&#8221;single&#8221; animation=&#8221;none&#8221; width=&#8221;1\/1&#8243; last=&#8221;true&#8221;]<\/p>\n<p>[column_1 width=&#8221;1\/4&#8243; title=&#8221;&#8221; title_type=&#8221;single&#8221; animation=&#8221;from-left&#8221; implicit=&#8221;true&#8221;]<\/p>\n<p style=\"text-align: center;\"><img loading=\"lazy\" decoding=\"async\" class=\"wp-image-9101 aligncenter\" src=\"https:\/\/cani.com.co\/php\/wp-content\/uploads\/2020\/05\/pdf-icon.jpg\" alt=\"\" width=\"25\" height=\"32\"><a href=\"https:\/\/cani.com.co\/php\/wp-content\/uploads\/2020\/05\/GUIA-PREVENCION-CONTROL-DE-ACCIDENTE-POR-EXPOSICION-OCUPACIONAL-AL-COVID.pdf\" target=\"_blank\" rel=\"noopener noreferrer\">GU\u00cdA PREVENCI\u00d3N CONTROL DE ACCIDENTE POR EXPOSICI\u00d3N OCUPACIONAL AL COVID<\/a><\/p>\n<p>[\/column_1]<\/p>\n<p>[column_1 width=&#8221;1\/4&#8243; title=&#8221;&#8221; title_type=&#8221;single&#8221; animation=&#8221;from-left&#8221; implicit=&#8221;true&#8221;]<\/p>\n<p style=\"text-align: center;\"><img loading=\"lazy\" decoding=\"async\" class=\"wp-image-9101 aligncenter\" src=\"https:\/\/cani.com.co\/php\/wp-content\/uploads\/2020\/05\/pdf-icon.jpg\" alt=\"\" width=\"25\" height=\"32\"><a href=\"https:\/\/cani.com.co\/php\/wp-content\/uploads\/2020\/05\/GUIA-USO-CORRECTO-DEL-TAPABOCAS.pdf\" target=\"_blank\" rel=\"noopener noreferrer\">GU\u00cdA USO CORRECTO DEL TAPABOCAS<\/a><\/p>\n<p>[\/column_1]<\/p>\n<p>[column_1 width=&#8221;1\/4&#8243; title=&#8221;&#8221; title_type=&#8221;single&#8221; animation=&#8221;from-left&#8221; implicit=&#8221;true&#8221;]<\/p>\n<p style=\"text-align: center;\"><img loading=\"lazy\" decoding=\"async\" class=\"wp-image-9101 aligncenter\" src=\"https:\/\/cani.com.co\/php\/wp-content\/uploads\/2020\/05\/pdf-icon.jpg\" alt=\"\" width=\"25\" height=\"32\"><a href=\"https:\/\/cani.com.co\/php\/wp-content\/uploads\/2020\/05\/GUIA-RETIRO-CORRECTO-DE-GUANTES.pdf\" target=\"_blank\" rel=\"noopener noreferrer\">GU\u00cdA RETIRO CORRECTO DE GUANTES<\/a><\/p>\n<p>[\/column_1]<\/p>\n<p>[column_1 width=&#8221;1\/4&#8243; last=&#8221;true&#8221; title=&#8221;&#8221; title_type=&#8221;single&#8221; animation=&#8221;from-left&#8221; implicit=&#8221;true&#8221;]<\/p>\n<p style=\"text-align: center;\"><img loading=\"lazy\" decoding=\"async\" class=\"wp-image-9101 aligncenter\" src=\"https:\/\/cani.com.co\/php\/wp-content\/uploads\/2020\/05\/pdf-icon.jpg\" alt=\"\" width=\"25\" height=\"32\"><a href=\"https:\/\/cani.com.co\/php\/wp-content\/uploads\/2020\/05\/PROTOCOLO-INTERVENCION-NEUROSPICOLOGIA-POR-TELEMEDICINA.pdf\" target=\"_blank\" rel=\"noopener noreferrer\">PROTOCOLO INTERVENCI\u00d3N NEUROSPICOLOGIA POR TELEMEDICINA<\/a><\/p>\n<p>[\/column_1]<\/p>\n<p>[\/column]<\/p>\n<p>[column parallax_bg=&#8221;fixed&#8221; parallax_bg_inertia=&#8221;-0.2&#8243; extended=&#8221;false&#8221; extended_padding=&#8221;true&#8221; background_color=&#8221;#f9f9f9&#8243; background_image=&#8221;&#8221; background_repeat=&#8221;no-repeat&#8221; background_position=&#8221;center bottom&#8221; background_size=&#8221;auto&#8221; background_attachment=&#8221;scroll&#8221; hide_bg_lowres=&#8221;true&#8221; background_video=&#8221;&#8221; vertical_padding_top=&#8221;30&#8243; vertical_padding_bottom=&#8221;10&#8243; more_link=&#8221;&#8221; more_text=&#8221;&#8221; left_border=&#8221;transparent&#8221; class=&#8221;&#8221; id=&#8221;&#8221; title=&#8221;&#8221; title_type=&#8221;single&#8221; animation=&#8221;none&#8221; width=&#8221;1\/1&#8243; last=&#8221;true&#8221;]<\/p>\n<p>[column_1 width=&#8221;1\/4&#8243; title=&#8221;&#8221; title_type=&#8221;single&#8221; animation=&#8221;from-left&#8221; implicit=&#8221;true&#8221;]<\/p>\n<p style=\"text-align: center;\"><img loading=\"lazy\" decoding=\"async\" class=\"wp-image-9101 aligncenter\" src=\"https:\/\/cani.com.co\/php\/wp-content\/uploads\/2020\/05\/pdf-icon.jpg\" alt=\"\" width=\"25\" height=\"32\"><\/p>\n<p style=\"text-align: center;\"><a href=\"https:\/\/cani.com.co\/php\/wp-content\/uploads\/2020\/05\/Protocolo-de-Bioseguridad.pdf\">PROTOCOLO-DE-BIOSEGURIDAD<\/a><\/p>\n<p>[\/column_1]<\/p>\n<p>[column_1 width=&#8221;1\/4&#8243; title=&#8221;&#8221; title_type=&#8221;single&#8221; animation=&#8221;from-left&#8221; implicit=&#8221;true&#8221;]<\/p>\n<p style=\"text-align: center;\"><img loading=\"lazy\" decoding=\"async\" class=\"wp-image-9101 aligncenter\" src=\"https:\/\/cani.com.co\/php\/wp-content\/uploads\/2020\/05\/pdf-icon.jpg\" alt=\"\" width=\"25\" height=\"32\"><a href=\"https:\/\/cani.com.co\/php\/wp-content\/uploads\/2020\/05\/REGISTRO-SEGUIMIENTO-A-PACIENTES.pdf\" target=\"_blank\" rel=\"noopener noreferrer\">REGISTRO SEGUIMIENTO A PACIENTES<\/a><\/p>\n<p>[\/column_1]<\/p>\n<p>[column_1 width=&#8221;1\/4&#8243; title=&#8221;&#8221; title_type=&#8221;single&#8221; animation=&#8221;from-left&#8221; implicit=&#8221;true&#8221;]<\/p>\n<p style=\"text-align: center;\"><img loading=\"lazy\" decoding=\"async\" class=\"wp-image-9101 aligncenter\" src=\"https:\/\/cani.com.co\/php\/wp-content\/uploads\/2020\/05\/pdf-icon.jpg\" alt=\"\" width=\"25\" height=\"32\"><\/p>\n<p style=\"text-align: center;\"><a href=\"https:\/\/cani.com.co\/php\/wp-content\/uploads\/2020\/05\/ACTA-1-COPASST-COVID-19_15-MAYO.pdf\">ACTA 1 COPASST COVID 19_15 MAYO<\/a><\/p>\n<p>[\/column_1]<\/p>\n<p>[column_1 width=&#8221;1\/4&#8243; last=&#8221;true&#8221; title=&#8221;&#8221; title_type=&#8221;single&#8221; animation=&#8221;from-left&#8221; implicit=&#8221;true&#8221;]<\/p>\n<p style=\"text-align: center;\"><img loading=\"lazy\" decoding=\"async\" class=\"wp-image-9101 aligncenter\" src=\"https:\/\/cani.com.co\/php\/wp-content\/uploads\/2020\/05\/pdf-icon.jpg\" alt=\"\" width=\"25\" height=\"32\"><\/p>\n<p style=\"text-align: center;\"><a href=\"https:\/\/cani.com.co\/php\/wp-content\/uploads\/2020\/05\/ACTA-2-COPASST-COVID19_22-MAYO.pdf\">ACTA 2 COPASST COVID19_22 MAYO<\/a><\/p>\n<p>[\/column_1]<\/p>\n<p>[\/column]<\/p>\n<p>[column parallax_bg=&#8221;fixed&#8221; parallax_bg_inertia=&#8221;-0.2&#8243; extended=&#8221;false&#8221; extended_padding=&#8221;true&#8221; background_color=&#8221;#f9f9f9&#8243; background_image=&#8221;&#8221; background_repeat=&#8221;no-repeat&#8221; background_position=&#8221;center bottom&#8221; background_size=&#8221;auto&#8221; background_attachment=&#8221;scroll&#8221; hide_bg_lowres=&#8221;true&#8221; background_video=&#8221;&#8221; vertical_padding_top=&#8221;30&#8243; vertical_padding_bottom=&#8221;10&#8243; more_link=&#8221;&#8221; more_text=&#8221;&#8221; left_border=&#8221;transparent&#8221; class=&#8221;&#8221; id=&#8221;&#8221; title=&#8221;&#8221; title_type=&#8221;single&#8221; animation=&#8221;none&#8221; width=&#8221;1\/1&#8243; last=&#8221;true&#8221;]<\/p>\n<p>[column_1 width=&#8221;1\/4&#8243; title=&#8221;&#8221; title_type=&#8221;single&#8221; animation=&#8221;from-left&#8221; implicit=&#8221;true&#8221;]<\/p>\n<p style=\"text-align: center;\"><img loading=\"lazy\" decoding=\"async\" class=\"wp-image-9101 aligncenter\" src=\"https:\/\/cani.com.co\/php\/wp-content\/uploads\/2020\/05\/pdf-icon.jpg\" alt=\"\" width=\"25\" height=\"32\"><\/p>\n<p style=\"text-align: center;\"><a href=\"https:\/\/cani.com.co\/php\/wp-content\/uploads\/2020\/06\/ACTA-7-COPASST-COVID19_26_JUNIO.pdf\">ACTA 7 COPASST COVID19_26_JUNIO<\/a><\/p>\n<p>[\/column_1]<\/p>\n<p>[column_1 width=&#8221;1\/4&#8243; title=&#8221;&#8221; title_type=&#8221;single&#8221; animation=&#8221;from-left&#8221; implicit=&#8221;true&#8221;]<\/p>\n<p style=\"text-align: center;\"><img loading=\"lazy\" decoding=\"async\" class=\"wp-image-9101 aligncenter\" src=\"https:\/\/cani.com.co\/php\/wp-content\/uploads\/2020\/05\/pdf-icon.jpg\" alt=\"\" width=\"25\" height=\"32\"><\/p>\n<p style=\"text-align: center;\"><a href=\"https:\/\/cani.com.co\/php\/wp-content\/uploads\/2020\/07\/ACTA-8-COPASST-COVID19_03_JULIO.pdf\">ACTA 8 COPASST COVID19_03_JULIO<\/a><\/p>\n<p>[\/column_1]<\/p>\n<p>[column_1 width=&#8221;1\/4&#8243; title=&#8221;&#8221; title_type=&#8221;single&#8221; animation=&#8221;from-left&#8221; implicit=&#8221;true&#8221;]<\/p>\n<p style=\"text-align: center;\"><img loading=\"lazy\" decoding=\"async\" class=\"wp-image-9101 aligncenter\" src=\"https:\/\/cani.com.co\/php\/wp-content\/uploads\/2020\/05\/pdf-icon.jpg\" alt=\"\" width=\"25\" height=\"32\"><\/p>\n<p style=\"text-align: center;\"><a href=\"https:\/\/cani.com.co\/php\/wp-content\/uploads\/2020\/07\/ACTA-9-COPASST-COVID19_10_JULIO.pdf\">ACTA 9 COPASST COVID19_10_JULIO<\/a><\/p>\n<p>[\/column_1]<\/p>\n<p>[column_1 width=&#8221;1\/4&#8243; last=&#8221;true&#8221; title=&#8221;&#8221; title_type=&#8221;single&#8221; animation=&#8221;from-left&#8221; implicit=&#8221;true&#8221;]<\/p>\n<p style=\"text-align: center;\"><img loading=\"lazy\" decoding=\"async\" class=\"wp-image-9101 aligncenter\" src=\"https:\/\/cani.com.co\/php\/wp-content\/uploads\/2020\/05\/pdf-icon.jpg\" alt=\"\" width=\"25\" height=\"32\"><\/p>\n<p style=\"text-align: center;\"><a href=\"https:\/\/cani.com.co\/php\/wp-content\/uploads\/2020\/07\/ACTA-10-COPASST-COVID19_17_JULIO.pdf\">ACTA 10 COPASST COVID19_17_JULIO<\/a><\/p>\n<p>[\/column_1]<\/p>\n<p>[\/column]<\/p>\n<p>[column parallax_bg=&#8221;fixed&#8221; parallax_bg_inertia=&#8221;-0.2&#8243; extended=&#8221;false&#8221; extended_padding=&#8221;true&#8221; background_color=&#8221;#f9f9f9&#8243; background_image=&#8221;&#8221; background_repeat=&#8221;no-repeat&#8221; background_position=&#8221;center bottom&#8221; background_size=&#8221;auto&#8221; background_attachment=&#8221;scroll&#8221; hide_bg_lowres=&#8221;true&#8221; background_video=&#8221;&#8221; vertical_padding_top=&#8221;30&#8243; vertical_padding_bottom=&#8221;10&#8243; more_link=&#8221;&#8221; more_text=&#8221;&#8221; left_border=&#8221;transparent&#8221; class=&#8221;&#8221; id=&#8221;&#8221; title=&#8221;&#8221; title_type=&#8221;single&#8221; animation=&#8221;none&#8221; width=&#8221;1\/1&#8243; last=&#8221;true&#8221;]<\/p>\n<p>[column_1 width=&#8221;1\/4&#8243; title=&#8221;&#8221; title_type=&#8221;single&#8221; animation=&#8221;from-left&#8221; implicit=&#8221;true&#8221;]<\/p>\n<p style=\"text-align: center;\"><img loading=\"lazy\" decoding=\"async\" class=\"wp-image-9101 aligncenter\" src=\"https:\/\/cani.com.co\/php\/wp-content\/uploads\/2020\/05\/pdf-icon.jpg\" alt=\"\" width=\"25\" height=\"32\"><\/p>\n<p style=\"text-align: center;\"><a href=\"https:\/\/cani.com.co\/php\/wp-content\/uploads\/2021\/04\/ESTADOS-DE-RESULTADOS-CANI-2020-2019.pdf\">ESTADOS DE RESULTADOS CANI 2020-2019<\/a><\/p>\n<p>[\/column_1]<\/p>\n<p>[column_1 width=&#8221;1\/4&#8243; title=&#8221;&#8221; title_type=&#8221;single&#8221; animation=&#8221;from-left&#8221; implicit=&#8221;true&#8221;]<\/p>\n<p style=\"text-align: center;\"><img loading=\"lazy\" decoding=\"async\" class=\"wp-image-9101 aligncenter\" src=\"https:\/\/cani.com.co\/php\/wp-content\/uploads\/2020\/05\/pdf-icon.jpg\" alt=\"\" width=\"25\" height=\"32\"><\/p>\n<p style=\"text-align: center;\"><a href=\"https:\/\/cani.com.co\/VIGILADO-CANI.pdf\">Estado financiero A\u00f1o 2020 &#8211; 2021 CANI<\/a><\/p>\n<p>[\/column_1]<\/p>\n<p>&nbsp;<\/p>\n<p>[\/column]<\/p>\n<p>[blank h=&#8221;30&#8243;]<\/p>\n<p>[\/blank]<\/p>\n<p>&nbsp;<\/p>\n","protected":false},"excerpt":{"rendered":"<p>[column parallax_bg=&#8221;disabled&#8221; parallax_bg_inertia=&#8221;-0.2&#8243; extended=&#8221;false&#8221; extended_padding=&#8221;true&#8221; background_color=&#8221;&#8221; background_image=&#8221;&#8221; background_repeat=&#8221;no-repeat&#8221; background_position=&#8221;center bottom&#8221; background_size=&#8221;auto&#8221; background_attachment=&#8221;scroll&#8221; hide_bg_lowres=&#8221;true&#8221; background_video=&#8221;&#8221; vertical_padding_top=&#8221;30&#8243; vertical_padding_bottom=&#8221;10&#8243; more_link=&#8221;&#8221; more_text=&#8221;&#8221; left_border=&#8221;transparent&#8221; class=&#8221;&#8221; id=&#8221;&#8221; title=&#8221;&#8221; title_type=&#8221;single&#8221; animation=&#8221;none&#8221; width=&#8221;1\/1&#8243; last=&#8221;true&#8221;] [column_1 parallax_bg=&#8221;disabled&#8221; parallax_bg_inertia=&#8221;-0.2&#8243; extended=&#8221;&#8221; extended_padding=&#8221;1&#8243; background_color=&#8221;&#8221; background_image=&#8221;&#8221; background_repeat=&#8221;&#8221; background_position=&#8221;&#8221; background_size=&#8221;auto&#8221; background_attachment=&#8221;&#8221; hide_bg_lowres=&#8221;&#8221; background_video=&#8221;&#8221; vertical_padding_top=&#8221;0&#8243; vertical_padding_bottom=&#8221;0&#8243; more_link=&#8221;&#8221; more_text=&#8221;&#8221; left_border=&#8221;transparent&#8221; class=&#8221;&#8221; id=&#8221;&#8221; title=&#8221;&#8221; title_type=&#8221;single&#8221; animation=&#8221;from-left&#8221; width=&#8221;1\/1&#8243; last=&#8221;true&#8221;] [\/column_1] [\/column] [text_divider type=&#8221;single&#8221;] [&hellip;]<\/p>\n","protected":false},"author":1,"featured_media":0,"parent":0,"menu_order":1,"comment_status":"closed","ping_status":"closed","template":"","meta":{"_et_pb_use_builder":"","_et_pb_old_content":"","_et_gb_content_width":"","ngg_post_thumbnail":0,"footnotes":""},"class_list":["post-9092","page","type-page","status-publish","hentry"],"_links":{"self":[{"href":"https:\/\/cani.com.co\/php\/wp-json\/wp\/v2\/pages\/9092","targetHints":{"allow":["GET"]}}],"collection":[{"href":"https:\/\/cani.com.co\/php\/wp-json\/wp\/v2\/pages"}],"about":[{"href":"https:\/\/cani.com.co\/php\/wp-json\/wp\/v2\/types\/page"}],"author":[{"embeddable":true,"href":"https:\/\/cani.com.co\/php\/wp-json\/wp\/v2\/users\/1"}],"replies":[{"embeddable":true,"href":"https:\/\/cani.com.co\/php\/wp-json\/wp\/v2\/comments?post=9092"}],"version-history":[{"count":29,"href":"https:\/\/cani.com.co\/php\/wp-json\/wp\/v2\/pages\/9092\/revisions"}],"predecessor-version":[{"id":9972,"href":"https:\/\/cani.com.co\/php\/wp-json\/wp\/v2\/pages\/9092\/revisions\/9972"}],"wp:attachment":[{"href":"https:\/\/cani.com.co\/php\/wp-json\/wp\/v2\/media?parent=9092"}],"curies":[{"name":"wp","href":"https:\/\/api.w.org\/{rel}","templated":true}]}}