{"id":9051,"date":"2018-01-05T10:00:58","date_gmt":"2018-01-05T10:00:58","guid":{"rendered":"https:\/\/cani.com.co\/php\/?page_id=9051"},"modified":"2020-04-27T21:42:55","modified_gmt":"2020-04-27T21:42:55","slug":"psicologia","status":"publish","type":"page","link":"https:\/\/cani.com.co\/php\/psicologia\/","title":{"rendered":"Psicologia"},"content":{"rendered":"<p style=\"text-align: left;\"><img loading=\"lazy\" decoding=\"async\" class=\"alignleft wp-image-9052 \" src=\"https:\/\/cani.com.co\/php\/wp-content\/uploads\/2020\/04\/WhatsApp-Image-2020-03-09-at-7.56.49-AM-1.jpeg\" alt=\"\" width=\"454\" height=\"340\" srcset=\"https:\/\/cani.com.co\/php\/wp-content\/uploads\/2020\/04\/WhatsApp-Image-2020-03-09-at-7.56.49-AM-1.jpeg 1280w, https:\/\/cani.com.co\/php\/wp-content\/uploads\/2020\/04\/WhatsApp-Image-2020-03-09-at-7.56.49-AM-1-300x225.jpeg 300w, https:\/\/cani.com.co\/php\/wp-content\/uploads\/2020\/04\/WhatsApp-Image-2020-03-09-at-7.56.49-AM-1-768x575.jpeg 768w, https:\/\/cani.com.co\/php\/wp-content\/uploads\/2020\/04\/WhatsApp-Image-2020-03-09-at-7.56.49-AM-1-1024x766.jpeg 1024w, https:\/\/cani.com.co\/php\/wp-content\/uploads\/2020\/04\/WhatsApp-Image-2020-03-09-at-7.56.49-AM-1-1140x853.jpeg 1140w, https:\/\/cani.com.co\/php\/wp-content\/uploads\/2020\/04\/WhatsApp-Image-2020-03-09-at-7.56.49-AM-1-555x415.jpeg 555w, https:\/\/cani.com.co\/php\/wp-content\/uploads\/2020\/04\/WhatsApp-Image-2020-03-09-at-7.56.49-AM-1-360x269.jpeg 360w, https:\/\/cani.com.co\/php\/wp-content\/uploads\/2020\/04\/WhatsApp-Image-2020-03-09-at-7.56.49-AM-1-262x196.jpeg 262w\" sizes=\"(max-width: 454px) 100vw, 454px\" \/><\/p>\n<p style=\"text-align: justify;\">La psicolog\u00eda es una ciencia cient\u00edfica encargada de estudiar el comportamiento humano y sus procesos mentales y el servicio de psicolog\u00eda en CANI est\u00e1 enfocado en Analizar, evaluar, comprender, tratar, intervenir y rehabilitar a partir de una enfermedad diagnosticada por un especialista. En CANI se trabaja bajo procedimientos conductuales basados en el m\u00e9todo ABA (an\u00e1lisis de comportamiento aplicado) (en ingl\u00e9s: Applied Behavior analysis) para modificar comportamientos y desarrollar nuevas habilidades.<\/p>\n<p style=\"text-align: justify;\">El proceso de evaluaci\u00f3n se realiza por medio de la observaci\u00f3n y la exposici\u00f3n de actividades donde se analiza los comportamientos excesivos y deficientes del paciente, luego se establece un plan de trabajo a intervenir, teniendo en cuenta siempre las dimensiones de la metodolog\u00eda, el antecedente, comportamiento Y consecuencia, adem\u00e1s siempre se debe utilizar el refuerzo como motivante en la terapia.<\/p>\n","protected":false},"excerpt":{"rendered":"<p>La psicolog\u00eda es una ciencia cient\u00edfica encargada de estudiar el comportamiento humano y sus procesos mentales y el servicio de psicolog\u00eda en CANI est\u00e1 enfocado en Analizar, evaluar, comprender, tratar, intervenir y rehabilitar a partir de una enfermedad diagnosticada por un especialista. En CANI se trabaja bajo procedimientos conductuales basados en el m\u00e9todo ABA (an\u00e1lisis [&hellip;]<\/p>\n","protected":false},"author":2,"featured_media":0,"parent":0,"menu_order":0,"comment_status":"closed","ping_status":"closed","template":"","meta":{"_et_pb_use_builder":"","_et_pb_old_content":"","_et_gb_content_width":"","ngg_post_thumbnail":0,"footnotes":""},"class_list":["post-9051","page","type-page","status-publish","hentry"],"_links":{"self":[{"href":"https:\/\/cani.com.co\/php\/wp-json\/wp\/v2\/pages\/9051","targetHints":{"allow":["GET"]}}],"collection":[{"href":"https:\/\/cani.com.co\/php\/wp-json\/wp\/v2\/pages"}],"about":[{"href":"https:\/\/cani.com.co\/php\/wp-json\/wp\/v2\/types\/page"}],"author":[{"embeddable":true,"href":"https:\/\/cani.com.co\/php\/wp-json\/wp\/v2\/users\/2"}],"replies":[{"embeddable":true,"href":"https:\/\/cani.com.co\/php\/wp-json\/wp\/v2\/comments?post=9051"}],"version-history":[{"count":2,"href":"https:\/\/cani.com.co\/php\/wp-json\/wp\/v2\/pages\/9051\/revisions"}],"predecessor-version":[{"id":9054,"href":"https:\/\/cani.com.co\/php\/wp-json\/wp\/v2\/pages\/9051\/revisions\/9054"}],"wp:attachment":[{"href":"https:\/\/cani.com.co\/php\/wp-json\/wp\/v2\/media?parent=9051"}],"curies":[{"name":"wp","href":"https:\/\/api.w.org\/{rel}","templated":true}]}}