{"id":8179,"date":"2018-12-03T12:52:05","date_gmt":"2018-12-03T12:52:05","guid":{"rendered":"http:\/\/cani.com.co\/php\/?page_id=8179"},"modified":"2019-02-17T19:06:32","modified_gmt":"2019-02-17T19:06:32","slug":"aplicacion-de-toxina-botulinica","status":"publish","type":"page","link":"https:\/\/cani.com.co\/php\/aplicacion-de-toxina-botulinica\/","title":{"rendered":"Aplicaci\u00f3n de toxina botulinica"},"content":{"rendered":"<p style=\"text-align: left;\"><img loading=\"lazy\" decoding=\"async\" class=\"alignleft size-medium wp-image-7412\" src=\"http:\/\/cani.com.co\/php\/wp-content\/uploads\/2019\/02\/toxina_botulinica.jpg\" alt=\"\" width=\"550\" height=\"366\"><\/p>\n<p style=\"text-align: justify;\">La neurolog\u00eda es una de las especialidades m\u00e9dicas en la que la toxina botul\u00ednica aporta mayores beneficios terap\u00e9uticos.<\/p>\n<p style=\"text-align: justify;\">Existen muchas patologoias neurol\u00f3gicas potencialmente tratables con toxina botul\u00ednica:<\/p>\n<p>1. Cefaleas<br \/>\n2. Distonias.<br \/>\n3. Secuelas de Accidente cerebro vascular<br \/>\n4. Paralisis cerebral esp\u00e1stica<br \/>\n5. Hiperhidrosis<br \/>\n6. Disfunciones vesicales<\/p>\n","protected":false},"excerpt":{"rendered":"<p>La neurolog\u00eda es una de las especialidades m\u00e9dicas en la que la toxina botul\u00ednica aporta mayores beneficios terap\u00e9uticos. Existen muchas patologoias neurol\u00f3gicas potencialmente tratables con toxina botul\u00ednica: 1. Cefaleas 2. Distonias. 3. Secuelas de Accidente cerebro vascular 4. Paralisis cerebral esp\u00e1stica 5. Hiperhidrosis 6. Disfunciones vesicales<\/p>\n","protected":false},"author":1,"featured_media":0,"parent":0,"menu_order":0,"comment_status":"closed","ping_status":"closed","template":"","meta":{"_et_pb_use_builder":"","_et_pb_old_content":"","_et_gb_content_width":"","ngg_post_thumbnail":0,"footnotes":""},"class_list":["post-8179","page","type-page","status-publish","hentry"],"_links":{"self":[{"href":"https:\/\/cani.com.co\/php\/wp-json\/wp\/v2\/pages\/8179","targetHints":{"allow":["GET"]}}],"collection":[{"href":"https:\/\/cani.com.co\/php\/wp-json\/wp\/v2\/pages"}],"about":[{"href":"https:\/\/cani.com.co\/php\/wp-json\/wp\/v2\/types\/page"}],"author":[{"embeddable":true,"href":"https:\/\/cani.com.co\/php\/wp-json\/wp\/v2\/users\/1"}],"replies":[{"embeddable":true,"href":"https:\/\/cani.com.co\/php\/wp-json\/wp\/v2\/comments?post=8179"}],"version-history":[{"count":3,"href":"https:\/\/cani.com.co\/php\/wp-json\/wp\/v2\/pages\/8179\/revisions"}],"predecessor-version":[{"id":8181,"href":"https:\/\/cani.com.co\/php\/wp-json\/wp\/v2\/pages\/8179\/revisions\/8181"}],"wp:attachment":[{"href":"https:\/\/cani.com.co\/php\/wp-json\/wp\/v2\/media?parent=8179"}],"curies":[{"name":"wp","href":"https:\/\/api.w.org\/{rel}","templated":true}]}}