{"id":8175,"date":"2018-12-03T12:47:31","date_gmt":"2018-12-03T12:47:31","guid":{"rendered":"http:\/\/cani.com.co\/php\/?page_id=8175"},"modified":"2018-12-03T13:24:40","modified_gmt":"2018-12-03T13:24:40","slug":"electrodiagnostico","status":"publish","type":"page","link":"https:\/\/cani.com.co\/php\/electrodiagnostico\/","title":{"rendered":"Electrodiagnostico"},"content":{"rendered":"<p style=\"text-align: left;\"><img loading=\"lazy\" decoding=\"async\" class=\"alignleft size-medium wp-image-7412\" src=\"http:\/\/cani.com.co\/php\/wp-content\/uploads\/2018\/12\/electroencefalograma.jpg\" alt=\"\" width=\"550\" height=\"366\"><\/p>\n<p style=\"text-align: justify;\">Nuestro cuerpo es un generador de se\u00f1al el\u00e9ctrica. Los nervios crean se\u00f1ales el\u00e9ctricas que viajan a y desde nuestro cerebro.<\/p>\n<p style=\"text-align: justify;\">En CANI ofrecemos varios servicios que nos permiten medir en nuestro cerebro y en nuestro cuerpo las se\u00f1ales el\u00e9ctricas emitidas y alcanzar un diagn\u00f3stico acertado.<\/p>\n<p style=\"text-align: justify;\">\u2022 <strong>EEG: El electroencefalograma (EEG)<\/strong> es un an\u00e1lisis que se utiliza para detectar anomal\u00edas relacionadas con la actividad el\u00e9ctrica del cerebro. Este procedimiento realiza un seguimiento de las ondas cerebrales y las registra. Se colocan peque\u00f1os discos met\u00e1licos con cables delgados (electrodos) sobre el cuero cabelludo y despu\u00e9s se env\u00edan se\u00f1ales a una computadora para registrar los resultados. La actividad el\u00e9ctrica normal del cerebro forma un patr\u00f3n reconocible. Por medio de un EEG, los m\u00e9dicos pueden buscar patrones anormales que apoyen diferentes diagnosticos.<\/p>\n<p style=\"text-align: justify;\">\u2022 <strong>EMG y NEURO CONDUCCION:<\/strong> Una Electromiograf\u00eda analiza la actividad el\u00e9ctrica en los nervios perif\u00e9ricos y la actividad m\u00fascular. Utiliza estimulos el\u00e9ctricos y electrodos de superficie y de aguja para registrar las diferentes actividades.<\/p>\n<p>\u2022 Estudios de transmisi\u00f3n neuromuscular. Test de estimulaci\u00f3n repetitiva.<\/p>\n<ul>\n<li>&nbsp;T\u00e9cnicas especiales<\/li>\n<li>Blink r\u00e9flex<\/li>\n<li>Reflejo H<\/li>\n<li>Onda f<\/li>\n<\/ul>\n","protected":false},"excerpt":{"rendered":"<p>Nuestro cuerpo es un generador de se\u00f1al el\u00e9ctrica. Los nervios crean se\u00f1ales el\u00e9ctricas que viajan a y desde nuestro cerebro. En CANI ofrecemos varios servicios que nos permiten medir en nuestro cerebro y en nuestro cuerpo las se\u00f1ales el\u00e9ctricas emitidas y alcanzar un diagn\u00f3stico acertado. \u2022 EEG: El electroencefalograma (EEG) es un an\u00e1lisis que se [&hellip;]<\/p>\n","protected":false},"author":1,"featured_media":0,"parent":0,"menu_order":0,"comment_status":"closed","ping_status":"closed","template":"","meta":{"_et_pb_use_builder":"","_et_pb_old_content":"","_et_gb_content_width":"","ngg_post_thumbnail":0,"footnotes":""},"class_list":["post-8175","page","type-page","status-publish","hentry"],"_links":{"self":[{"href":"https:\/\/cani.com.co\/php\/wp-json\/wp\/v2\/pages\/8175","targetHints":{"allow":["GET"]}}],"collection":[{"href":"https:\/\/cani.com.co\/php\/wp-json\/wp\/v2\/pages"}],"about":[{"href":"https:\/\/cani.com.co\/php\/wp-json\/wp\/v2\/types\/page"}],"author":[{"embeddable":true,"href":"https:\/\/cani.com.co\/php\/wp-json\/wp\/v2\/users\/1"}],"replies":[{"embeddable":true,"href":"https:\/\/cani.com.co\/php\/wp-json\/wp\/v2\/comments?post=8175"}],"version-history":[{"count":3,"href":"https:\/\/cani.com.co\/php\/wp-json\/wp\/v2\/pages\/8175\/revisions"}],"predecessor-version":[{"id":8192,"href":"https:\/\/cani.com.co\/php\/wp-json\/wp\/v2\/pages\/8175\/revisions\/8192"}],"wp:attachment":[{"href":"https:\/\/cani.com.co\/php\/wp-json\/wp\/v2\/media?parent=8175"}],"curies":[{"name":"wp","href":"https:\/\/api.w.org\/{rel}","templated":true}]}}