{"id":8171,"date":"2018-12-03T12:39:50","date_gmt":"2018-12-03T12:39:50","guid":{"rendered":"http:\/\/cani.com.co\/php\/?page_id=8171"},"modified":"2019-02-17T18:58:07","modified_gmt":"2019-02-17T18:58:07","slug":"neuropsicologia","status":"publish","type":"page","link":"https:\/\/cani.com.co\/php\/neuropsicologia\/","title":{"rendered":"Neuropsicolog\u00eda"},"content":{"rendered":"<p style=\"text-align: left;\"><img loading=\"lazy\" decoding=\"async\" class=\"alignleft size-medium wp-image-7412\" src=\"http:\/\/cani.com.co\/php\/wp-content\/uploads\/2019\/02\/NEUROPSICOLOGIA.jpg\" alt=\"\" width=\"550\" height=\"366\"><\/p>\n<p style=\"text-align: justify;\">El servicio de neuropsicolog\u00eda de CANI est\u00e1 orientado a determinar la capacidad cognoscitiva actual de un paciente para establecer funciones preservadas y afectadas; permitiendo as\u00ed dar soporte al diagn\u00f3stico, evaluar las secuelas de una enfermedad ya diagnosticada, establecer un plan de tratamiento de rehabilitaci\u00f3n cognitiva, valorar en el tiempo los efectos de un tratamiento y\/o cambios presentados y brindar psicoeducaci\u00f3n a cuidadores y seguimiento al paciente.<\/p>\n<p style=\"text-align: justify;\">En el proceso de evaluaci\u00f3n se realiza una entrevista al paciente, cuidadores o padres, se administra un protocolo neuropsicol\u00f3gico dependiendo de su edad y antecedentes, y se administran escalas o test para evaluar caracter\u00edsticas comportamentales y emocionales.<\/p>\n","protected":false},"excerpt":{"rendered":"<p>El servicio de neuropsicolog\u00eda de CANI est\u00e1 orientado a determinar la capacidad cognoscitiva actual de un paciente para establecer funciones preservadas y afectadas; permitiendo as\u00ed dar soporte al diagn\u00f3stico, evaluar las secuelas de una enfermedad ya diagnosticada, establecer un plan de tratamiento de rehabilitaci\u00f3n cognitiva, valorar en el tiempo los efectos de un tratamiento y\/o [&hellip;]<\/p>\n","protected":false},"author":1,"featured_media":0,"parent":0,"menu_order":0,"comment_status":"closed","ping_status":"closed","template":"","meta":{"_et_pb_use_builder":"","_et_pb_old_content":"","_et_gb_content_width":"","ngg_post_thumbnail":0,"footnotes":""},"class_list":["post-8171","page","type-page","status-publish","hentry"],"_links":{"self":[{"href":"https:\/\/cani.com.co\/php\/wp-json\/wp\/v2\/pages\/8171","targetHints":{"allow":["GET"]}}],"collection":[{"href":"https:\/\/cani.com.co\/php\/wp-json\/wp\/v2\/pages"}],"about":[{"href":"https:\/\/cani.com.co\/php\/wp-json\/wp\/v2\/types\/page"}],"author":[{"embeddable":true,"href":"https:\/\/cani.com.co\/php\/wp-json\/wp\/v2\/users\/1"}],"replies":[{"embeddable":true,"href":"https:\/\/cani.com.co\/php\/wp-json\/wp\/v2\/comments?post=8171"}],"version-history":[{"count":4,"href":"https:\/\/cani.com.co\/php\/wp-json\/wp\/v2\/pages\/8171\/revisions"}],"predecessor-version":[{"id":8422,"href":"https:\/\/cani.com.co\/php\/wp-json\/wp\/v2\/pages\/8171\/revisions\/8422"}],"wp:attachment":[{"href":"https:\/\/cani.com.co\/php\/wp-json\/wp\/v2\/media?parent=8171"}],"curies":[{"name":"wp","href":"https:\/\/api.w.org\/{rel}","templated":true}]}}