{"id":8163,"date":"2018-12-03T12:32:17","date_gmt":"2018-12-03T12:32:17","guid":{"rendered":"http:\/\/cani.com.co\/php\/?page_id=8163"},"modified":"2018-12-03T13:21:51","modified_gmt":"2018-12-03T13:21:51","slug":"terapia-ocupacional","status":"publish","type":"page","link":"https:\/\/cani.com.co\/php\/terapia-ocupacional\/","title":{"rendered":"Terapia Ocupacional"},"content":{"rendered":"<p style=\"text-align: left;\"><img loading=\"lazy\" decoding=\"async\" class=\"alignleft size-medium wp-image-7412\" src=\"http:\/\/cani.com.co\/php\/wp-content\/uploads\/2018\/12\/Teo.jpg\" alt=\"\" width=\"550\" height=\"366\"><\/p>\n<p style=\"text-align: justify;\">El Terapeuta Ocupacional aborda los d\u00e9ficit en los componentes motores, cognitivos, sensoperceptivos y psicosociales que afectan el desempe\u00f1o funcional de un individuo en las \u00e1reas de autovalidamiento, productividad y esparcimiento. Las metas del tratamiento se dirigen a ayudar a los individuos a lograr una actitud positiva con capacidades y modificar gradualmente su habilidad disminuida con vistas a una mayor independencia en sus actividades.<\/p>\n<p style=\"text-align: justify;\">El programa de Terapia Ocupacional interviene tratando de alcanzar las habilidades necesarias para que los individuos alcancen la mayor independencia en sus actividades de la vida diaria. Parte de un acercamiento hol\u00edstico a la rehabilitaci\u00f3n, tratamiento basados en necesidades individuales de cada paciente. La meta fundamental de la terapia ocupacional es promover independencia en todas las \u00e1reas de la vida.<\/p>\n","protected":false},"excerpt":{"rendered":"<p>El Terapeuta Ocupacional aborda los d\u00e9ficit en los componentes motores, cognitivos, sensoperceptivos y psicosociales que afectan el desempe\u00f1o funcional de un individuo en las \u00e1reas de autovalidamiento, productividad y esparcimiento. Las metas del tratamiento se dirigen a ayudar a los individuos a lograr una actitud positiva con capacidades y modificar gradualmente su habilidad disminuida con [&hellip;]<\/p>\n","protected":false},"author":1,"featured_media":0,"parent":0,"menu_order":0,"comment_status":"closed","ping_status":"closed","template":"","meta":{"_et_pb_use_builder":"","_et_pb_old_content":"","_et_gb_content_width":"","ngg_post_thumbnail":0,"footnotes":""},"class_list":["post-8163","page","type-page","status-publish","hentry"],"_links":{"self":[{"href":"https:\/\/cani.com.co\/php\/wp-json\/wp\/v2\/pages\/8163","targetHints":{"allow":["GET"]}}],"collection":[{"href":"https:\/\/cani.com.co\/php\/wp-json\/wp\/v2\/pages"}],"about":[{"href":"https:\/\/cani.com.co\/php\/wp-json\/wp\/v2\/types\/page"}],"author":[{"embeddable":true,"href":"https:\/\/cani.com.co\/php\/wp-json\/wp\/v2\/users\/1"}],"replies":[{"embeddable":true,"href":"https:\/\/cani.com.co\/php\/wp-json\/wp\/v2\/comments?post=8163"}],"version-history":[{"count":2,"href":"https:\/\/cani.com.co\/php\/wp-json\/wp\/v2\/pages\/8163\/revisions"}],"predecessor-version":[{"id":8190,"href":"https:\/\/cani.com.co\/php\/wp-json\/wp\/v2\/pages\/8163\/revisions\/8190"}],"wp:attachment":[{"href":"https:\/\/cani.com.co\/php\/wp-json\/wp\/v2\/media?parent=8163"}],"curies":[{"name":"wp","href":"https:\/\/api.w.org\/{rel}","templated":true}]}}