{"id":8156,"date":"2018-12-03T12:24:09","date_gmt":"2018-12-03T12:24:09","guid":{"rendered":"http:\/\/cani.com.co\/php\/?page_id=8156"},"modified":"2018-12-03T12:30:21","modified_gmt":"2018-12-03T12:30:21","slug":"fonoaudiologia","status":"publish","type":"page","link":"https:\/\/cani.com.co\/php\/fonoaudiologia\/","title":{"rendered":"Fonoaudiolog\u00eda"},"content":{"rendered":"<p style=\"text-align: left;\"><img loading=\"lazy\" decoding=\"async\" class=\"alignleft size-medium wp-image-7412\" src=\"http:\/\/cani.com.co\/php\/wp-content\/uploads\/2018\/12\/Fonoaudiologia_01.jpg\" alt=\"\" width=\"550\" height=\"366\"><\/p>\n<p style=\"text-align: justify;\">El proceso de fonoaudiolog\u00eda en CANI, busca dise\u00f1ar estrategias para mejorar la comunicaci\u00f3n y las alteraciones comunicativas en pacientes evaluados interdisciplinariamente.&nbsp;<\/p>\n<p style=\"text-align: justify;\">La fonoaudiolog\u00eda es una ciencia que estudia la comunicaci\u00f3n y sus des\u00f3rdenes.&nbsp; Dentro de las \u00e1reas que maneja se halla el LENGUAJE, HABLA, VOZ, AUDICI\u00d3N, APRENDIZAJE.<\/p>\n<p style=\"text-align: justify;\">En CANI la&nbsp; terapia fonoaudiol\u00f3gica se realiza de manera integral, siendo esta la&nbsp; que no solo se centra en la rehabilitaci\u00f3n de la funci\u00f3n si no en la integraci\u00f3n del paciente a su entorno social y familiar y en la participaci\u00f3n en los mismos.<\/p>\n","protected":false},"excerpt":{"rendered":"<p>El proceso de fonoaudiolog\u00eda en CANI, busca dise\u00f1ar estrategias para mejorar la comunicaci\u00f3n y las alteraciones comunicativas en pacientes evaluados interdisciplinariamente.&nbsp; La fonoaudiolog\u00eda es una ciencia que estudia la comunicaci\u00f3n y sus des\u00f3rdenes.&nbsp; Dentro de las \u00e1reas que maneja se halla el LENGUAJE, HABLA, VOZ, AUDICI\u00d3N, APRENDIZAJE. En CANI la&nbsp; terapia fonoaudiol\u00f3gica se realiza de [&hellip;]<\/p>\n","protected":false},"author":1,"featured_media":0,"parent":0,"menu_order":0,"comment_status":"closed","ping_status":"closed","template":"","meta":{"_et_pb_use_builder":"","_et_pb_old_content":"","_et_gb_content_width":"","ngg_post_thumbnail":0,"footnotes":""},"class_list":["post-8156","page","type-page","status-publish","hentry"],"_links":{"self":[{"href":"https:\/\/cani.com.co\/php\/wp-json\/wp\/v2\/pages\/8156","targetHints":{"allow":["GET"]}}],"collection":[{"href":"https:\/\/cani.com.co\/php\/wp-json\/wp\/v2\/pages"}],"about":[{"href":"https:\/\/cani.com.co\/php\/wp-json\/wp\/v2\/types\/page"}],"author":[{"embeddable":true,"href":"https:\/\/cani.com.co\/php\/wp-json\/wp\/v2\/users\/1"}],"replies":[{"embeddable":true,"href":"https:\/\/cani.com.co\/php\/wp-json\/wp\/v2\/comments?post=8156"}],"version-history":[{"count":4,"href":"https:\/\/cani.com.co\/php\/wp-json\/wp\/v2\/pages\/8156\/revisions"}],"predecessor-version":[{"id":8162,"href":"https:\/\/cani.com.co\/php\/wp-json\/wp\/v2\/pages\/8156\/revisions\/8162"}],"wp:attachment":[{"href":"https:\/\/cani.com.co\/php\/wp-json\/wp\/v2\/media?parent=8156"}],"curies":[{"name":"wp","href":"https:\/\/api.w.org\/{rel}","templated":true}]}}