{"id":8147,"date":"2018-12-03T12:19:49","date_gmt":"2018-12-03T12:19:49","guid":{"rendered":"http:\/\/cani.com.co\/php\/?page_id=8147"},"modified":"2019-02-11T04:23:20","modified_gmt":"2019-02-11T04:23:20","slug":"fisioterapia","status":"publish","type":"page","link":"https:\/\/cani.com.co\/php\/fisioterapia\/","title":{"rendered":"Fisioterapia"},"content":{"rendered":"<p><img decoding=\"async\" class=\"alignleft size-medium wp-image-7412\" src=\"http:\/\/cani.com.co\/php\/wp-content\/uploads\/2019\/02\/FISIOTERAPIA_ED.jpg\" alt=\"\" width=\"550\" height=\"\"><\/p>\n<p style=\"text-align: justify;\">El proceso de rehabilitaci\u00f3n por parte de fisioterapia, en CANI, est\u00e1 dirigido a todo el p\u00fablico con alteraciones tanto adquiridas como cong\u00e9nitas a nivel neurol\u00f3gico, cardio-respiratorias, ortop\u00e9dicas y traumatol\u00f3gicas , trabajando en la recuperaci\u00f3n de la funci\u00f3n pero orientada en la mejor\u00eda de la participaci\u00f3n del usuario en sus ambientes.<\/p>\n<p style=\"text-align: justify;\">Durante la evaluaci\u00f3n fisioterapeutica se eval\u00faan los componentes cardio-respiratorios, musculo esquel\u00e9tico, neuro-muscular y tegumentario. Cre\u00e1ndose un plan de tratamiento basado en la pedida de la funci\u00f3n, creando objetivos claros y reales para la mejor\u00eda del paciente.<\/p>\n<p style=\"text-align: justify;\">El fisioterapeuta es un profesional sanitario con formaci\u00f3n universitario; Seg\u00fan la Confederaci\u00f3n Mundial para la Fisioterapia, la fisioterapia tiene como objetivo facilitar el desarrollo, mantenci\u00f3n y recuperaci\u00f3n de la m\u00e1xima funcionalidad y movilidad del individuo o grupo de personas a trav\u00e9s de su vida.<\/p>\n","protected":false},"excerpt":{"rendered":"<p>El proceso de rehabilitaci\u00f3n por parte de fisioterapia, en CANI, est\u00e1 dirigido a todo el p\u00fablico con alteraciones tanto adquiridas como cong\u00e9nitas a nivel neurol\u00f3gico, cardio-respiratorias, ortop\u00e9dicas y traumatol\u00f3gicas , trabajando en la recuperaci\u00f3n de la funci\u00f3n pero orientada en la mejor\u00eda de la participaci\u00f3n del usuario en sus ambientes. Durante la evaluaci\u00f3n fisioterapeutica se [&hellip;]<\/p>\n","protected":false},"author":1,"featured_media":0,"parent":0,"menu_order":0,"comment_status":"closed","ping_status":"closed","template":"","meta":{"_et_pb_use_builder":"","_et_pb_old_content":"","_et_gb_content_width":"","ngg_post_thumbnail":0,"footnotes":""},"class_list":["post-8147","page","type-page","status-publish","hentry"],"_links":{"self":[{"href":"https:\/\/cani.com.co\/php\/wp-json\/wp\/v2\/pages\/8147","targetHints":{"allow":["GET"]}}],"collection":[{"href":"https:\/\/cani.com.co\/php\/wp-json\/wp\/v2\/pages"}],"about":[{"href":"https:\/\/cani.com.co\/php\/wp-json\/wp\/v2\/types\/page"}],"author":[{"embeddable":true,"href":"https:\/\/cani.com.co\/php\/wp-json\/wp\/v2\/users\/1"}],"replies":[{"embeddable":true,"href":"https:\/\/cani.com.co\/php\/wp-json\/wp\/v2\/comments?post=8147"}],"version-history":[{"count":8,"href":"https:\/\/cani.com.co\/php\/wp-json\/wp\/v2\/pages\/8147\/revisions"}],"predecessor-version":[{"id":8365,"href":"https:\/\/cani.com.co\/php\/wp-json\/wp\/v2\/pages\/8147\/revisions\/8365"}],"wp:attachment":[{"href":"https:\/\/cani.com.co\/php\/wp-json\/wp\/v2\/media?parent=8147"}],"curies":[{"name":"wp","href":"https:\/\/api.w.org\/{rel}","templated":true}]}}