{"id":11565,"date":"2025-02-12T17:41:04","date_gmt":"2025-02-12T17:41:04","guid":{"rendered":"https:\/\/cani.com.co\/php\/?page_id=11565"},"modified":"2025-03-26T16:00:36","modified_gmt":"2025-03-26T16:00:36","slug":"laboratorio-de-sueno","status":"publish","type":"page","link":"https:\/\/cani.com.co\/php\/laboratorio-de-sueno\/","title":{"rendered":"Laboratorio de sue\u00f1o"},"content":{"rendered":"<p>[et_pb_section fb_built=&#8221;1&#8243; fullwidth=&#8221;on&#8221; admin_label=&#8221;Header&#8221; _builder_version=&#8221;4.27.4&#8243; background_color=&#8221;#b7b9c7&#8243; background_image=&#8221;https:\/\/cani.com.co\/php\/wp-content\/uploads\/2025\/03\/laboratorio-de-suenio.jpg&#8221; custom_padding=&#8221;0px|0|0px|0px|false|false&#8221; hover_enabled=&#8221;0&#8243; global_colors_info=&#8221;{}&#8221; title_text=&#8221;laboratorio-de-suenio&#8221; sticky_enabled=&#8221;0&#8243;][et_pb_fullwidth_header title=&#8221;Laboratorio de sue\u00f1o&#8221; text_orientation=&#8221;center&#8221; background_overlay_color=&#8221;rgba(83,90,128,0.3)&#8221; content_max_width=&#8221;90%&#8221; _builder_version=&#8221;4.27.4&#8243; title_font=&#8221;|700|||||||&#8221; title_text_align=&#8221;center&#8221; title_font_size=&#8221;3vw&#8221; title_line_height=&#8221;1.1em&#8221; content_font=&#8221;Noto Serif|700|||||||&#8221; content_text_align=&#8221;left&#8221; content_font_size=&#8221;32px&#8221; subhead_font=&#8221;Noto Sans||||||||&#8221; subhead_text_align=&#8221;center&#8221; subhead_font_size=&#8221;30px&#8221; subhead_line_height=&#8221;2em&#8221; background_color=&#8221;rgba(255,255,255,0)&#8221; background_enable_image=&#8221;off&#8221; custom_button_one=&#8221;on&#8221; button_one_text_size=&#8221;17px&#8221; button_one_text_color=&#8221;#ffffff&#8221; button_one_bg_color=&#8221;#ff6b5a&#8221; button_one_border_width=&#8221;7px&#8221; button_one_border_color=&#8221;#ff6b5a&#8221; button_one_border_radius=&#8221;100px&#8221; button_one_font=&#8221;Noto Sans|700||on|||||&#8221; button_one_use_icon=&#8221;off&#8221; min_height=&#8221;364px&#8221; custom_margin=&#8221;|||&#8221; custom_padding=&#8221;91px||100px|||&#8221; custom_padding_tablet=&#8221;100px|||&#8221; custom_padding_phone=&#8221;&#8221; custom_padding_last_edited=&#8221;on|phone&#8221; animation_style=&#8221;fade&#8221; animation_direction=&#8221;top&#8221; title_font_size_tablet=&#8221;52px&#8221; title_font_size_phone=&#8221;32px&#8221; title_font_size_last_edited=&#8221;on|phone&#8221; subhead_font_size_tablet=&#8221;&#8221; subhead_font_size_phone=&#8221;20px&#8221; subhead_font_size_last_edited=&#8221;on|desktop&#8221; subhead_line_height_tablet=&#8221;&#8221; subhead_line_height_phone=&#8221;1.5em&#8221; subhead_line_height_last_edited=&#8221;on|phone&#8221; button_one_text_color_hover=&#8221;#ffffff&#8221; button_one_border_color_hover=&#8221;#ff9e59&#8243; button_one_border_radius_hover=&#8221;100px&#8221; button_one_bg_color_hover=&#8221;#ff9e59&#8243; global_colors_info=&#8221;{}&#8221; button_one_text_size__hover_enabled=&#8221;off&#8221; button_two_text_size__hover_enabled=&#8221;off&#8221; button_one_text_color__hover_enabled=&#8221;on&#8221; button_one_text_color__hover=&#8221;#ffffff&#8221; button_two_text_color__hover_enabled=&#8221;off&#8221; button_one_border_width__hover_enabled=&#8221;off&#8221; button_two_border_width__hover_enabled=&#8221;off&#8221; button_one_border_color__hover_enabled=&#8221;on&#8221; button_one_border_color__hover=&#8221;#ff9e59&#8243; button_two_border_color__hover_enabled=&#8221;off&#8221; button_one_border_radius__hover_enabled=&#8221;on&#8221; button_one_border_radius__hover=&#8221;100px&#8221; button_two_border_radius__hover_enabled=&#8221;off&#8221; button_one_letter_spacing__hover_enabled=&#8221;off&#8221; button_two_letter_spacing__hover_enabled=&#8221;off&#8221; button_one_bg_color__hover_enabled=&#8221;on&#8221; button_one_bg_color__hover=&#8221;#ff9e59&#8243; button_two_bg_color__hover_enabled=&#8221;off&#8221;][\/et_pb_fullwidth_header][\/et_pb_section][et_pb_section fb_built=&#8221;1&#8243; _builder_version=&#8221;4.16&#8243; background_image=&#8221;https:\/\/cani.com.co\/php\/wp-content\/uploads\/2022\/08\/fondo001.png&#8221; min_height=&#8221;288px&#8221; custom_padding=&#8221;|||&#8221; global_colors_info=&#8221;{}&#8221;][et_pb_row _builder_version=&#8221;4.16&#8243; _module_preset=&#8221;default&#8221; background_color=&#8221;#ffffff&#8221; custom_padding=&#8221;|30px||30px|false|true&#8221; box_shadow_style=&#8221;preset3&#8243; global_colors_info=&#8221;{}&#8221;][et_pb_column type=&#8221;4_4&#8243; _builder_version=&#8221;4.16&#8243; _module_preset=&#8221;default&#8221; global_colors_info=&#8221;{}&#8221;][et_pb_cta button_url=&#8221;#TOP&#8221; _builder_version=&#8221;4.27.4&#8243; header_level=&#8221;h3&#8243; header_font=&#8221;|700|||||||&#8221; header_text_align=&#8221;center&#8221; header_font_size=&#8221;44px&#8221; header_line_height=&#8221;1.5em&#8221; body_font=&#8221;||||||||&#8221; body_text_align=&#8221;justify&#8221; body_font_size=&#8221;16px&#8221; body_line_height=&#8221;2em&#8221; use_background_color=&#8221;off&#8221; custom_button=&#8221;on&#8221; button_text_size=&#8221;17px&#8221; button_text_color=&#8221;#ffffff&#8221; button_bg_color=&#8221;#ff6b5a&#8221; button_border_width=&#8221;5px&#8221; button_border_color=&#8221;#ff6b5a&#8221; button_border_radius=&#8221;100px&#8221; button_font=&#8221;Noto Sans|700||on|||||&#8221; button_use_icon=&#8221;off&#8221; text_orientation=&#8221;left&#8221; background_layout=&#8221;light&#8221; custom_margin=&#8221;-2px|||||&#8221; header_font_size_tablet=&#8221;&#8221; header_font_size_phone=&#8221;34px&#8221; header_font_size_last_edited=&#8221;on|phone&#8221; button_text_color_hover=&#8221;#ffffff&#8221; button_border_color_hover=&#8221;#ff9e59&#8243; button_bg_color_hover=&#8221;#ff9e59&#8243; global_colors_info=&#8221;{}&#8221; button_text_size__hover_enabled=&#8221;off&#8221; button_one_text_size__hover_enabled=&#8221;off&#8221; button_two_text_size__hover_enabled=&#8221;off&#8221; button_text_color__hover_enabled=&#8221;on&#8221; button_text_color__hover=&#8221;#ffffff&#8221; button_one_text_color__hover_enabled=&#8221;off&#8221; button_two_text_color__hover_enabled=&#8221;off&#8221; button_border_width__hover_enabled=&#8221;off&#8221; button_one_border_width__hover_enabled=&#8221;off&#8221; button_two_border_width__hover_enabled=&#8221;off&#8221; button_border_color__hover_enabled=&#8221;on&#8221; button_border_color__hover=&#8221;#ff9e59&#8243; button_one_border_color__hover_enabled=&#8221;off&#8221; button_two_border_color__hover_enabled=&#8221;off&#8221; button_border_radius__hover_enabled=&#8221;off&#8221; button_one_border_radius__hover_enabled=&#8221;off&#8221; button_two_border_radius__hover_enabled=&#8221;off&#8221; button_letter_spacing__hover_enabled=&#8221;off&#8221; button_one_letter_spacing__hover_enabled=&#8221;off&#8221; button_two_letter_spacing__hover_enabled=&#8221;off&#8221; button_bg_color__hover_enabled=&#8221;on&#8221; button_bg_color__hover=&#8221;#ff9e59&#8243; button_one_bg_color__hover_enabled=&#8221;off&#8221; button_two_bg_color__hover_enabled=&#8221;off&#8221;]<\/p>\n<p>En nuestro Laboratorio de Sue\u00f1o de CANI, ofrecemos estudios avanzados para diagnosticar y tratar trastornos del sue\u00f1o. Aqu\u00ed se describen dos de nuestros principales estudios:<\/p>\n<h3>Polisomnograma Basal<\/h3>\n<p>El Polisomnograma Basal es un estudio exhaustivo durante el cual monitoreamos m\u00faltiples par\u00e1metros fisiol\u00f3gicos mientras duermes. Este estudio es esencial para identificar trastornos como la apnea del sue\u00f1o, la narcolepsia y otros trastornos del movimiento relacionados con el sue\u00f1o. Utilizando tecnolog\u00eda de vanguardia, registramos tu actividad cerebral, los niveles de ox\u00edgeno en la sangre, el ritmo card\u00edaco, la respiraci\u00f3n, y los movimientos corporales para ofrecer un diagn\u00f3stico preciso y personalizado.<\/p>\n<h3>Polisomnograma con Titulaci\u00f3n de CPAP<\/h3>\n<p>El Polisomnograma con Titulaci\u00f3n de CPAP es un estudio especializado que sigue al diagn\u00f3stico inicial de apnea del sue\u00f1o. En este procedimiento, ajustamos la m\u00e1quina CPAP a los niveles que mejor se adaptan a tus necesidades espec\u00edficas, asegurando que recibas el tratamiento m\u00e1s efectivo. Este estudio es crucial para garantizar que la presi\u00f3n del aire suministrada sea la ideal para mantener tus v\u00edas respiratorias abiertas durante la noche, mejorando significativamente la calidad de tu sue\u00f1o.<\/p>\n<p>[\/et_pb_cta][\/et_pb_column][\/et_pb_row][\/et_pb_section]<\/p>\n","protected":false},"excerpt":{"rendered":"<p>En nuestro Laboratorio de Sue\u00f1o de CANI, ofrecemos estudios avanzados para diagnosticar y tratar trastornos del sue\u00f1o. Aqu\u00ed se describen dos de nuestros principales estudios: Polisomnograma Basal El Polisomnograma Basal es un estudio exhaustivo durante el cual monitoreamos m\u00faltiples par\u00e1metros fisiol\u00f3gicos mientras duermes. Este estudio es esencial para identificar trastornos como la apnea del sue\u00f1o, [&hellip;]<\/p>\n","protected":false},"author":1,"featured_media":0,"parent":0,"menu_order":0,"comment_status":"closed","ping_status":"closed","template":"","meta":{"_et_pb_use_builder":"on","_et_pb_old_content":"","_et_gb_content_width":"","ngg_post_thumbnail":0,"footnotes":""},"class_list":["post-11565","page","type-page","status-publish","hentry"],"_links":{"self":[{"href":"https:\/\/cani.com.co\/php\/wp-json\/wp\/v2\/pages\/11565","targetHints":{"allow":["GET"]}}],"collection":[{"href":"https:\/\/cani.com.co\/php\/wp-json\/wp\/v2\/pages"}],"about":[{"href":"https:\/\/cani.com.co\/php\/wp-json\/wp\/v2\/types\/page"}],"author":[{"embeddable":true,"href":"https:\/\/cani.com.co\/php\/wp-json\/wp\/v2\/users\/1"}],"replies":[{"embeddable":true,"href":"https:\/\/cani.com.co\/php\/wp-json\/wp\/v2\/comments?post=11565"}],"version-history":[{"count":6,"href":"https:\/\/cani.com.co\/php\/wp-json\/wp\/v2\/pages\/11565\/revisions"}],"predecessor-version":[{"id":11747,"href":"https:\/\/cani.com.co\/php\/wp-json\/wp\/v2\/pages\/11565\/revisions\/11747"}],"wp:attachment":[{"href":"https:\/\/cani.com.co\/php\/wp-json\/wp\/v2\/media?parent=11565"}],"curies":[{"name":"wp","href":"https:\/\/api.w.org\/{rel}","templated":true}]}}