{"id":10449,"date":"2022-09-05T21:12:32","date_gmt":"2022-09-05T21:12:32","guid":{"rendered":"https:\/\/cani.com.co\/php\/?page_id=10449"},"modified":"2024-04-30T16:19:04","modified_gmt":"2024-04-30T16:19:04","slug":"liliam-katerine-garcia-gomez-2","status":"publish","type":"page","link":"https:\/\/cani.com.co\/php\/liliam-katerine-garcia-gomez-2\/","title":{"rendered":"LILIAM KATERINE GARC\u00cdA G\u00d3MEZ"},"content":{"rendered":"<p>[et_pb_section fb_built=&#8221;1&#8243; fullwidth=&#8221;on&#8221; admin_label=&#8221;Header&#8221; _builder_version=&#8221;4.5.6&#8243; background_enable_color=&#8221;off&#8221; background_image=&#8221;https:\/\/cani.com.co\/php\/wp-content\/uploads\/2022\/09\/photo_2022-08-03_17-13-09.jpg&#8221; custom_padding=&#8221;0px|0|0px|0px|false|false&#8221;][et_pb_fullwidth_header title=&#8221;LILIAM KATERINE GARC\u00cdA G\u00d3MEZ&#8221; text_orientation=&#8221;center&#8221; background_overlay_color=&#8221;rgba(83,90,128,0.3)&#8221; content_max_width=&#8221;90%&#8221; _builder_version=&#8221;4.5.6&#8243; title_font=&#8221;Noto Serif|700|||||||&#8221; title_text_align=&#8221;center&#8221; title_font_size=&#8221;2vw&#8221; title_line_height=&#8221;1.1em&#8221; content_font=&#8221;Noto Serif|700|||||||&#8221; content_text_align=&#8221;left&#8221; content_font_size=&#8221;32px&#8221; subhead_font=&#8221;Noto Sans||||||||&#8221; subhead_text_align=&#8221;center&#8221; subhead_font_size=&#8221;30px&#8221; subhead_line_height=&#8221;2em&#8221; background_enable_color=&#8221;off&#8221; background_enable_image=&#8221;off&#8221; parallax=&#8221;on&#8221; parallax_method=&#8221;on&#8221; custom_button_one=&#8221;on&#8221; button_one_text_size=&#8221;17px&#8221; button_one_text_color=&#8221;#ffffff&#8221; button_one_bg_color=&#8221;#ff6b5a&#8221; button_one_border_width=&#8221;7px&#8221; button_one_border_color=&#8221;#ff6b5a&#8221; button_one_border_radius=&#8221;100px&#8221; button_one_font=&#8221;Noto Sans|700||on|||||&#8221; button_one_use_icon=&#8221;off&#8221; custom_margin=&#8221;|||&#8221; custom_padding=&#8221;102px||66px|||&#8221; custom_padding_tablet=&#8221;100px|||&#8221; custom_padding_phone=&#8221;&#8221; custom_padding_last_edited=&#8221;on|phone&#8221; animation_style=&#8221;fade&#8221; animation_direction=&#8221;top&#8221; title_font_size_tablet=&#8221;60px&#8221; title_font_size_phone=&#8221;&#8221; title_font_size_last_edited=&#8221;on|phone&#8221; subhead_font_size_tablet=&#8221;&#8221; subhead_font_size_phone=&#8221;20px&#8221; subhead_font_size_last_edited=&#8221;on|desktop&#8221; subhead_line_height_tablet=&#8221;&#8221; subhead_line_height_phone=&#8221;1.5em&#8221; subhead_line_height_last_edited=&#8221;on|phone&#8221; title_text_shadow_style=&#8221;preset2&#8243; button_one_text_color_hover=&#8221;#ffffff&#8221; button_one_border_color_hover=&#8221;#ff9e59&#8243; button_one_border_radius_hover=&#8221;100px&#8221; button_one_bg_color_hover=&#8221;#ff9e59&#8243; button_one_text_size__hover_enabled=&#8221;off&#8221; button_two_text_size__hover_enabled=&#8221;off&#8221; button_one_text_color__hover_enabled=&#8221;on&#8221; button_one_text_color__hover=&#8221;#ffffff&#8221; button_two_text_color__hover_enabled=&#8221;off&#8221; button_one_border_width__hover_enabled=&#8221;off&#8221; button_two_border_width__hover_enabled=&#8221;off&#8221; button_one_border_color__hover_enabled=&#8221;on&#8221; button_one_border_color__hover=&#8221;#ff9e59&#8243; button_two_border_color__hover_enabled=&#8221;off&#8221; button_one_border_radius__hover_enabled=&#8221;on&#8221; button_one_border_radius__hover=&#8221;100px&#8221; button_two_border_radius__hover_enabled=&#8221;off&#8221; button_one_letter_spacing__hover_enabled=&#8221;off&#8221; button_two_letter_spacing__hover_enabled=&#8221;off&#8221; button_one_bg_color__hover_enabled=&#8221;on&#8221; button_one_bg_color__hover=&#8221;#ff9e59&#8243; button_two_bg_color__hover_enabled=&#8221;off&#8221;][\/et_pb_fullwidth_header][\/et_pb_section][et_pb_section fb_built=&#8221;1&#8243; _builder_version=&#8221;3.22&#8243; custom_padding=&#8221;|||&#8221;][et_pb_row column_structure=&#8221;1_3,2_3&#8243; _builder_version=&#8221;3.25&#8243; custom_padding=&#8221;|||&#8221;][et_pb_column type=&#8221;1_3&#8243; _builder_version=&#8221;3.25&#8243; custom_padding=&#8221;|||&#8221; custom_padding__hover=&#8221;|||&#8221;][et_pb_image src=&#8221;https:\/\/cani.com.co\/php\/wp-content\/uploads\/2022\/08\/LILIAM.jpg&#8221; title_text=&#8221;LILIAM&#8221; align=&#8221;center&#8221; align_tablet=&#8221;center&#8221; align_phone=&#8221;&#8221; align_last_edited=&#8221;on|desktop&#8221; _builder_version=&#8221;4.5.6&#8243; custom_margin=&#8221;-150px||||false|false&#8221; animation_style=&#8221;slide&#8221; animation_direction=&#8221;bottom&#8221; animation_intensity_slide=&#8221;2%&#8221; border_radii=&#8221;on|3px|3px|3px|3px&#8221; box_shadow_style=&#8221;preset2&#8243; box_shadow_horizontal=&#8221;33px&#8221; box_shadow_vertical=&#8221;52px&#8221; box_shadow_blur=&#8221;80px&#8221; box_shadow_color=&#8221;rgba(0,36,73,0.07)&#8221;][\/et_pb_image][et_pb_social_media_follow _builder_version=&#8221;4.5.6&#8243; text_orientation=&#8221;center&#8221; background_layout=&#8221;dark&#8221; module_alignment=&#8221;right&#8221; custom_margin=&#8221;-56px|||&#8221; custom_margin_tablet=&#8221;&#8221; custom_margin_phone=&#8221;&#8221; custom_margin_last_edited=&#8221;on|desktop&#8221; animation_style=&#8221;fade&#8221; border_radii=&#8221;on|100%|100%|100%|100%&#8221; box_shadow_style=&#8221;preset1&#8243; box_shadow_blur=&#8221;60px&#8221; locked=&#8221;off&#8221;][et_pb_social_media_follow_network social_network=&#8221;facebook&#8221; _builder_version=&#8221;4.5.6&#8243; background_color=&#8221;#00a0e3&#8243; background_enable_color=&#8221;on&#8221; custom_margin=&#8221;|10px||10px||true&#8221; custom_padding=&#8221;10px|10px|10px|10px|true|true&#8221; follow_button=&#8221;off&#8221; url_new_window=&#8221;on&#8221;]facebook[\/et_pb_social_media_follow_network][et_pb_social_media_follow_network social_network=&#8221;instagram&#8221; _builder_version=&#8221;4.5.6&#8243; background_color=&#8221;#00a0e3&#8243; background_enable_color=&#8221;on&#8221; custom_margin=&#8221;|10px||10px||true&#8221; custom_padding=&#8221;10px|10px|10px|10px|true|true&#8221; follow_button=&#8221;off&#8221; url_new_window=&#8221;on&#8221;]instagram[\/et_pb_social_media_follow_network][\/et_pb_social_media_follow][\/et_pb_column][et_pb_column type=&#8221;2_3&#8243; _builder_version=&#8221;3.25&#8243; custom_padding=&#8221;|||&#8221; custom_padding__hover=&#8221;|||&#8221;][et_pb_cta button_url=&#8221;#TOP&#8221; _builder_version=&#8221;4.5.6&#8243; header_font=&#8221;Noto Serif|700|||||||&#8221; header_font_size=&#8221;44px&#8221; header_line_height=&#8221;1.5em&#8221; body_font=&#8221;Noto Sans||||||||&#8221; body_font_size=&#8221;17px&#8221; body_line_height=&#8221;2em&#8221; use_background_color=&#8221;off&#8221; custom_button=&#8221;on&#8221; button_text_size=&#8221;17px&#8221; button_text_color=&#8221;#ffffff&#8221; button_bg_color=&#8221;#ff6b5a&#8221; button_border_width=&#8221;5px&#8221; button_border_color=&#8221;#ff6b5a&#8221; button_border_radius=&#8221;100px&#8221; button_font=&#8221;Noto Sans|700||on|||||&#8221; button_use_icon=&#8221;off&#8221; text_orientation=&#8221;left&#8221; background_layout=&#8221;light&#8221; custom_margin=&#8221;-55px|||||&#8221; header_font_size_tablet=&#8221;&#8221; header_font_size_phone=&#8221;34px&#8221; header_font_size_last_edited=&#8221;on|phone&#8221; button_text_color_hover=&#8221;#ffffff&#8221; button_border_color_hover=&#8221;#ff9e59&#8243; button_bg_color_hover=&#8221;#ff9e59&#8243; button_text_size__hover_enabled=&#8221;off&#8221; button_one_text_size__hover_enabled=&#8221;off&#8221; button_two_text_size__hover_enabled=&#8221;off&#8221; button_text_color__hover_enabled=&#8221;on&#8221; button_text_color__hover=&#8221;#ffffff&#8221; button_one_text_color__hover_enabled=&#8221;off&#8221; button_two_text_color__hover_enabled=&#8221;off&#8221; button_border_width__hover_enabled=&#8221;off&#8221; button_one_border_width__hover_enabled=&#8221;off&#8221; button_two_border_width__hover_enabled=&#8221;off&#8221; button_border_color__hover_enabled=&#8221;on&#8221; button_border_color__hover=&#8221;#ff9e59&#8243; button_one_border_color__hover_enabled=&#8221;off&#8221; button_two_border_color__hover_enabled=&#8221;off&#8221; button_border_radius__hover_enabled=&#8221;off&#8221; button_one_border_radius__hover_enabled=&#8221;off&#8221; button_two_border_radius__hover_enabled=&#8221;off&#8221; button_letter_spacing__hover_enabled=&#8221;off&#8221; button_one_letter_spacing__hover_enabled=&#8221;off&#8221; button_two_letter_spacing__hover_enabled=&#8221;off&#8221; button_bg_color__hover_enabled=&#8221;on&#8221; button_bg_color__hover=&#8221;#ff9e59&#8243; button_one_bg_color__hover_enabled=&#8221;off&#8221; button_two_bg_color__hover_enabled=&#8221;off&#8221;]<\/p>\n<p>Terapeuta Ocupacional<br \/>Universitaria de Santander<\/p>\n<p><strong>ESTUDIOS REALIZADOS<\/strong><\/p>\n<p><strong>Curso introductorio \u201cenfoque de neurodesarrollo NDT-BOBATH.<\/strong> Fundamentos te\u00f3ricos y su aplicaci\u00f3n\u201d ASOCIACION ACONI\u00d1O Pereira \u2013 Risaralda. Noviembre 2018<\/p>\n<p>Taller dirigido al abordaje manual de las restricciones miosfasciales<br \/><strong>Centro especializado en neurorrehabilitacion integral (creer ips)<\/strong><br \/>Pereira-Risaralda. Agosto &nbsp;2017.<\/p>\n<p>Taller mejora tu organizaci\u00f3n corporal con el m\u00e9todo FELDENKRAIS<br \/><strong>Centro especializado en neurorrehabilitacion integral (creer ips)<\/strong><br \/>Pereira-Risaralda. Mayo&nbsp; 2016.<\/p>\n<p><strong>Universidad Abierta Interamericana (UAI)<\/strong><br \/>Diplomatura en rehabilitaci\u00f3n de las discapacidades mentales:<br \/>&#8211; Seminario de rehabilitaci\u00f3n para trastornos psic\u00f3ticos<br \/>&#8211; Taller de pr\u00e1ctica profesional sobre trastornos psic\u00f3ticos<br \/>Buenos aires, Argentina 2012.<\/p>\n<p><strong>Centro de terapia cognitivo conductual y ciencias del comportamiento (CETECIC)<\/strong>. Asociaci\u00f3n&nbsp; Argentina de ciencias del comportamiento.<br \/>&#8211; Seminario en teor\u00eda y t\u00e9cnica de la terapia cognitivo conductual (2012)<\/p>\n<p><strong>Cl\u00ednica Neurorrehabilitar<\/strong><br \/>Seminario de actualizaci\u00f3n en Autismo y Trastornos del Desarrollo Bucaramanga, 2008<\/p>\n<p><strong>Fundaci\u00f3n E.S.C.O<\/strong><br \/>&#8211; Taller Internacional de Autismo \u2013 S\u00edndrome de Down \u2013 Problemas de comportamiento y aprendizaje, Cartagena, 2006<\/p>\n<p><strong>Universitaria de Santander<\/strong><br \/>&#8211; Curso de Primeros Auxilios Cruz Roja Colombiana, C\u00facuta, 2002<\/p>\n<p>&nbsp;<\/p>\n<p><strong>FUNDASIP (Fundaci\u00f3n para el Desarrollo de la Investigaci\u00f3n Psicol\u00f3gicos<br \/><\/strong>&#8211; Seminario de Neuropsicolog\u00eda \u201cNeuropsicolog\u00eda del Aprendizaje<\/p>\n<p>[\/et_pb_cta][\/et_pb_column][\/et_pb_row][\/et_pb_section]<\/p>\n","protected":false},"excerpt":{"rendered":"<p>Terapeuta OcupacionalUniversitaria de Santander ESTUDIOS REALIZADOS Curso introductorio \u201cenfoque de neurodesarrollo NDT-BOBATH. Fundamentos te\u00f3ricos y su aplicaci\u00f3n\u201d ASOCIACION ACONI\u00d1O Pereira \u2013 Risaralda. Noviembre 2018 Taller dirigido al abordaje manual de las restricciones miosfascialesCentro especializado en neurorrehabilitacion integral (creer ips)Pereira-Risaralda. Agosto &nbsp;2017. Taller mejora tu organizaci\u00f3n corporal con el m\u00e9todo FELDENKRAISCentro especializado en neurorrehabilitacion integral (creer [&hellip;]<\/p>\n","protected":false},"author":1,"featured_media":0,"parent":0,"menu_order":0,"comment_status":"closed","ping_status":"closed","template":"","meta":{"_et_pb_use_builder":"on","_et_pb_old_content":"","_et_gb_content_width":"","ngg_post_thumbnail":0,"footnotes":""},"class_list":["post-10449","page","type-page","status-publish","hentry"],"_links":{"self":[{"href":"https:\/\/cani.com.co\/php\/wp-json\/wp\/v2\/pages\/10449","targetHints":{"allow":["GET"]}}],"collection":[{"href":"https:\/\/cani.com.co\/php\/wp-json\/wp\/v2\/pages"}],"about":[{"href":"https:\/\/cani.com.co\/php\/wp-json\/wp\/v2\/types\/page"}],"author":[{"embeddable":true,"href":"https:\/\/cani.com.co\/php\/wp-json\/wp\/v2\/users\/1"}],"replies":[{"embeddable":true,"href":"https:\/\/cani.com.co\/php\/wp-json\/wp\/v2\/comments?post=10449"}],"version-history":[{"count":14,"href":"https:\/\/cani.com.co\/php\/wp-json\/wp\/v2\/pages\/10449\/revisions"}],"predecessor-version":[{"id":11379,"href":"https:\/\/cani.com.co\/php\/wp-json\/wp\/v2\/pages\/10449\/revisions\/11379"}],"wp:attachment":[{"href":"https:\/\/cani.com.co\/php\/wp-json\/wp\/v2\/media?parent=10449"}],"curies":[{"name":"wp","href":"https:\/\/api.w.org\/{rel}","templated":true}]}}